{"id":108,"date":"2018-12-30T20:00:07","date_gmt":"2018-12-30T20:00:07","guid":{"rendered":"http:\/\/wordpress.stillgruppe-leipzig.de\/?page_id=108"},"modified":"2022-03-20T15:58:00","modified_gmt":"2022-03-20T15:58:00","slug":"mitglieder","status":"publish","type":"page","link":"http:\/\/wordpress.stillgruppe-leipzig.de\/?page_id=108","title":{"rendered":"Mitglied werden"},"content":{"rendered":"\n<p class=\"has-medium-font-size\">La Leche Liga Deutschland e. V. ist ein eingetragener, gemeinn\u00fctziger Verein und unsere Beratungen sind kostenlos. Wenn Ihnen La Leche Liga geholfen hat oder Sie uns helfen m\u00f6chten, unsere Arbeit weiterzuf\u00fchren und auszubauen,    bitten wir Sie um Ihre Mitgliedschaft oder eine Spende.<br>   Sie unterst\u00fctzen damit aktiv den Still-Gedanken &#8211; je mehr Mitglieder  in der LLL sind, umso bedeutsamer ist das Stillen und die stillenden  M\u00fctter in der Familie.   <\/p>\n\n\n\n<p class=\"has-medium-font-size\">Die Mitgliedschaften flie\u00dfen in die \u00dcbersetzung, Neuerstellung, in den  Druck neuer Publikationen \u00fcber das Stillen und das Leben mit Kindern.    Das kommt wiederum jeder stillenden Mutter zugute. Der Mitgliederbrief  kommt 1 x im Jahr oder \u00f6fter.   <br>Des Weiteren hilft Ihr Beitrag zur Ausbildung weiterer Stillberaterinnen, um noch mehr M\u00fcttern unterst\u00fctzen zu k\u00f6nnen.      <\/p>\n\n\n\n<h2 class=\"wp-block-heading\">Bankverbindung<\/h2>\n\n\n\n<p class=\"has-medium-font-size\">   La Leche Liga Deutschland e. V.<br>   Kontonummer: 4032 573 101<br>   GLS Gemeinschaftsbank eG (BLZ 430 609 67)<\/p>\n\n\n\n<p class=\"has-medium-font-size\"> Ab Januar 2011 betr\u00e4gt der Mitgliedsbeitrag f\u00fcr F\u00f6rdermitglieder lt. Beitragsordnung mindestens 30,00 \u20ac.      <\/p>\n\n\n\n<h2 class=\"wp-block-heading\">Mitgliedsantrag<\/h2>\n\n\n\n<p class=\"has-medium-font-size\">Bitte laden Sie sich das <a href=\"http:\/\/www.lalecheliga.de\/images\/pdf\/Mitgliedsantrag_LLLD.pdf\">Antragsformular<\/a> herunter und drucken es aus. Das ausgef\u00fcllte Formular senden Sie dann bitte unterschrieben an unsere Mitgliederbetreuung:<\/p>\n\n\n\n<p class=\"has-medium-font-size\">Christiane Stein<br>Mitgliederbetreuung LLLD e.V.<br>Schafhofstr. 31<br>97080 W\u00fcrzburg<br>Tel. 0931 &#8211; 32093566<\/p>\n\n\n\n<p class=\"has-medium-font-size\">\n\tE-Mail: <a href=\"mailto:mitgliederbetreuung@lalecheliga.de\">mitgliederbetreuung(at)lalecheliga.de<\/a><br><\/p>\n","protected":false},"excerpt":{"rendered":"<p>La Leche Liga Deutschland e. V. ist ein eingetragener, gemeinn\u00fctziger Verein und unsere Beratungen sind kostenlos. Wenn Ihnen La Leche [&hellip;]<\/p>\n","protected":false},"author":2,"featured_media":0,"parent":0,"menu_order":0,"comment_status":"closed","ping_status":"closed","template":"page-templates\/full-width.php","meta":{"footnotes":""},"class_list":["post-108","page","type-page","status-publish","hentry"],"_links":{"self":[{"href":"http:\/\/wordpress.stillgruppe-leipzig.de\/index.php?rest_route=\/wp\/v2\/pages\/108","targetHints":{"allow":["GET"]}}],"collection":[{"href":"http:\/\/wordpress.stillgruppe-leipzig.de\/index.php?rest_route=\/wp\/v2\/pages"}],"about":[{"href":"http:\/\/wordpress.stillgruppe-leipzig.de\/index.php?rest_route=\/wp\/v2\/types\/page"}],"author":[{"embeddable":true,"href":"http:\/\/wordpress.stillgruppe-leipzig.de\/index.php?rest_route=\/wp\/v2\/users\/2"}],"replies":[{"embeddable":true,"href":"http:\/\/wordpress.stillgruppe-leipzig.de\/index.php?rest_route=%2Fwp%2Fv2%2Fcomments&post=108"}],"version-history":[{"count":4,"href":"http:\/\/wordpress.stillgruppe-leipzig.de\/index.php?rest_route=\/wp\/v2\/pages\/108\/revisions"}],"predecessor-version":[{"id":775,"href":"http:\/\/wordpress.stillgruppe-leipzig.de\/index.php?rest_route=\/wp\/v2\/pages\/108\/revisions\/775"}],"wp:attachment":[{"href":"http:\/\/wordpress.stillgruppe-leipzig.de\/index.php?rest_route=%2Fwp%2Fv2%2Fmedia&parent=108"}],"curies":[{"name":"wp","href":"https:\/\/api.w.org\/{rel}","templated":true}]}}