{"id":2,"date":"2016-05-10T03:48:21","date_gmt":"2016-05-10T03:48:21","guid":{"rendered":"http:\/\/wordpress.stillgruppe-leipzig.de\/?page_id=2"},"modified":"2023-07-27T14:00:12","modified_gmt":"2023-07-27T14:00:12","slug":"sample-page","status":"publish","type":"page","link":"http:\/\/wordpress.stillgruppe-leipzig.de\/?page_id=2","title":{"rendered":"Stillberatung"},"content":{"rendered":"\n<p class=\"has-medium-font-size\">Stillen \u2013 eine ganz nat\u00fcrliche Sache. Und doch treten manchmal Fragen und Unsicherheiten auf. Daher bietet Ihnen die La Leche Liga Hilfe von Mutter zu Mutter durch ausgebildete Stillberaterinnen, die auch selbst gestillt haben. Wir beraten Sie gem\u00e4\u00df den <a href=\"http:\/\/wordpress.stillgruppe-leipzig.de\/?page_id=97\">10 Grunds\u00e4tzen der La Leche Liga.<\/a><br><br><\/p>\n\n\n\n<p class=\"has-medium-font-size\"> Sie k\u00f6nnen sich pers\u00f6nlich an eine unserer Beraterinnen wenden. Die Telefonnummern und Email-Adressen finden Sie auf den Seiten der verschiedenen Stillgruppen im Men\u00fc oder <strong><a href=\"https:\/\/www.lalecheliga.de\/stillberatung\/lll-stillgruppen\">hier<\/a><\/strong>.  <\/p>\n\n\n\n<figure class=\"wp-block-table is-style-stripes\"><table><tbody><tr><td><strong>Name<\/strong><\/td><td><strong>Erreichbarkeit<\/strong><\/td><td><strong>Stadtteil<\/strong><\/td><\/tr><tr><td>Babett Fleischer<\/td><td>0341 25693039<\/td><td>Gohlis<\/td><\/tr><tr><td>Anne-Kathrin Gitter<\/td><td><a href=\"http:\/\/wordpress.stillgruppe-leipzig.de\/?page_id=392\">Internationale Stillgruppe<\/a><\/td><td>Leipziger Osten<\/td><\/tr><tr><td>Margit Hartig<\/td><td><a href=\"http:\/\/wordpress.stillgruppe-leipzig.de\/?page_id=198\">Stillgruppe Halle<\/a><\/td><td>Halle\/Saale<\/td><\/tr><tr><td>Claudia Hoppe<\/td><td><a href=\"http:\/\/wordpress.stillgruppe-leipzig.de\/?page_id=93\">Stillgruppe Wiederitzsch Gemeindebegegnungszentrum<\/a><\/td><td>Leipziger Norden<\/td><\/tr><tr><td>Nina Ritter<\/td><td><a href=\"mailto:nina.ritter@lalecheliga.de\">nina.ritter@lalecheliga.de<\/a> <\/td><td>Leipziger Norden<\/td><\/tr><tr><td>Katrin Trajkovits<\/td><td><a href=\"http:\/\/wordpress.stillgruppe-leipzig.de\/?page_id=90\">Stillgruppe Markkleeberg<\/a><br><a href=\"http:\/\/wordpress.stillgruppe-leipzig.de\/?page_id=81\">Stillgruppe \u201cZur Linde\u201d<\/a><\/td><td>Leipzig Markleeberg<br>Leipzig Plagwitz<\/td><\/tr><tr><td>Ursula Weitzel<\/td><td>0341 65220330<br><a href=\"mailto:ursula.weitzel@lalecheliga.de\">ursula.weitzel@lalecheliga.de<\/a><\/td><td>Leipzig Baalsdorf<\/td><\/tr><tr><td>Theresia Wollenberg<\/td><td><a href=\"http:\/\/wordpress.stillgruppe-leipzig.de\/?page_id=198\">Stillgruppe Halle<\/a><\/td><td>Halle\/Saale<\/td><\/tr><\/tbody><\/table><\/figure>\n\n\n\n<p class=\"has-medium-font-size\">Nutzen Sie bei dringenden Fragen das pers\u00f6nliche Gespr\u00e4ch per Telefon.  Auf E-Mails versuchen wir so schnell wie m\u00f6glich zu antworten, manchmal  kann dies aber ein paar Tage dauern.<br>Hilfreich ist es, wenn Sie schon  einige Informationen, wie z.B. Geburtsgewicht, aktuelles Gewicht, Dauer  und H\u00e4ufigkeit der Stillmahlzeiten bereit halten. <\/p>\n\n\n\n<p class=\"has-medium-font-size\">\n  Viele Informationen finden Sie auch schon in unseren <a href=\"http:\/\/www.lalecheliga.de\/stillinformationen\/stillprobleme\"><strong>Infobl\u00e4ttern<\/strong><\/a>.\n  \n\n<\/p>\n\n\n\n<figure class=\"wp-block-image alignwide is-style-rounded\"><img loading=\"lazy\" decoding=\"async\" width=\"1024\" height=\"683\" src=\"http:\/\/wordpress.stillgruppe-leipzig.de\/wp-content\/uploads\/2020\/10\/pexels-mehmet-turgut-kirkgoz-4725001-1-1024x683.jpg\" alt=\"\" class=\"wp-image-479\" srcset=\"http:\/\/wordpress.stillgruppe-leipzig.de\/wp-content\/uploads\/2020\/10\/pexels-mehmet-turgut-kirkgoz-4725001-1-1024x683.jpg 1024w, http:\/\/wordpress.stillgruppe-leipzig.de\/wp-content\/uploads\/2020\/10\/pexels-mehmet-turgut-kirkgoz-4725001-1-300x200.jpg 300w, http:\/\/wordpress.stillgruppe-leipzig.de\/wp-content\/uploads\/2020\/10\/pexels-mehmet-turgut-kirkgoz-4725001-1-768x512.jpg 768w\" sizes=\"auto, (max-width: 1024px) 100vw, 1024px\" \/><\/figure>\n","protected":false},"excerpt":{"rendered":"<p>Stillen \u2013 eine ganz nat\u00fcrliche Sache. Und doch treten manchmal Fragen und Unsicherheiten auf. Daher bietet Ihnen die La Leche [&hellip;]<\/p>\n","protected":false},"author":2,"featured_media":0,"parent":0,"menu_order":0,"comment_status":"closed","ping_status":"open","template":"page-templates\/full-width.php","meta":{"footnotes":""},"class_list":["post-2","page","type-page","status-publish","hentry"],"_links":{"self":[{"href":"http:\/\/wordpress.stillgruppe-leipzig.de\/index.php?rest_route=\/wp\/v2\/pages\/2","targetHints":{"allow":["GET"]}}],"collection":[{"href":"http:\/\/wordpress.stillgruppe-leipzig.de\/index.php?rest_route=\/wp\/v2\/pages"}],"about":[{"href":"http:\/\/wordpress.stillgruppe-leipzig.de\/index.php?rest_route=\/wp\/v2\/types\/page"}],"author":[{"embeddable":true,"href":"http:\/\/wordpress.stillgruppe-leipzig.de\/index.php?rest_route=\/wp\/v2\/users\/2"}],"replies":[{"embeddable":true,"href":"http:\/\/wordpress.stillgruppe-leipzig.de\/index.php?rest_route=%2Fwp%2Fv2%2Fcomments&post=2"}],"version-history":[{"count":19,"href":"http:\/\/wordpress.stillgruppe-leipzig.de\/index.php?rest_route=\/wp\/v2\/pages\/2\/revisions"}],"predecessor-version":[{"id":905,"href":"http:\/\/wordpress.stillgruppe-leipzig.de\/index.php?rest_route=\/wp\/v2\/pages\/2\/revisions\/905"}],"wp:attachment":[{"href":"http:\/\/wordpress.stillgruppe-leipzig.de\/index.php?rest_route=%2Fwp%2Fv2%2Fmedia&parent=2"}],"curies":[{"name":"wp","href":"https:\/\/api.w.org\/{rel}","templated":true}]}}