{"id":45,"date":"2018-12-30T19:02:12","date_gmt":"2018-12-30T19:02:12","guid":{"rendered":"http:\/\/wordpress.stillgruppe-leipzig.de\/?page_id=45"},"modified":"2026-01-25T15:52:47","modified_gmt":"2026-01-25T15:52:47","slug":"stillgruppentreffen","status":"publish","type":"page","link":"http:\/\/wordpress.stillgruppe-leipzig.de\/?page_id=45","title":{"rendered":"Stillgruppentreffen"},"content":{"rendered":"\n<p><\/p>\n\n\n<div class=\"wp-block-image is-style-rounded\">\n<figure class=\"alignright size-large is-resized\"><img loading=\"lazy\" decoding=\"async\" width=\"1024\" height=\"683\" src=\"http:\/\/wordpress.stillgruppe-leipzig.de\/wp-content\/uploads\/2022\/03\/pexels-william-fortunato-6392855-1-1024x683.jpg\" alt=\"\" class=\"wp-image-760\" style=\"width:615px;height:410px\" srcset=\"http:\/\/wordpress.stillgruppe-leipzig.de\/wp-content\/uploads\/2022\/03\/pexels-william-fortunato-6392855-1-1024x683.jpg 1024w, http:\/\/wordpress.stillgruppe-leipzig.de\/wp-content\/uploads\/2022\/03\/pexels-william-fortunato-6392855-1-300x200.jpg 300w, http:\/\/wordpress.stillgruppe-leipzig.de\/wp-content\/uploads\/2022\/03\/pexels-william-fortunato-6392855-1-768x512.jpg 768w, http:\/\/wordpress.stillgruppe-leipzig.de\/wp-content\/uploads\/2022\/03\/pexels-william-fortunato-6392855-1-1536x1024.jpg 1536w, http:\/\/wordpress.stillgruppe-leipzig.de\/wp-content\/uploads\/2022\/03\/pexels-william-fortunato-6392855-1-2048x1365.jpg 2048w\" sizes=\"auto, (max-width: 1024px) 100vw, 1024px\" \/><figcaption class=\"wp-element-caption\">Foto von <strong><a href=\"https:\/\/www.pexels.com\/de-de\/@william-fortunato?utm_content=attributionCopyText&amp;utm_medium=referral&amp;utm_source=pexels\">William Fortunato<\/a><\/strong> von <strong><a href=\"https:\/\/www.pexels.com\/de-de\/foto\/frau-im-weissen-pullover-der-auf-bett-liegt-6392855\/?utm_content=attributionCopyText&amp;utm_medium=referral&amp;utm_source=pexels\">Pexels<\/a><\/strong><\/figcaption><\/figure>\n<\/div>\n\n\n<p class=\"has-medium-font-size\"><strong>Diese grunds\u00e4tzlichen Themen werden bei uns besprochen:   <\/strong><\/p>\n\n\n\n<ul class=\"wp-block-list has-medium-font-size\">\n<li>Die Vorteile des Stillens   <\/li>\n\n\n\n<li> Die Familie und das gestillte Kind    <\/li>\n\n\n\n<li> Die Kunst des Stillens und das Vermeiden und \u00dcberwinden von Schwierigkeiten    <\/li>\n\n\n\n<li> Ern\u00e4hrung und Abstillen <\/li>\n\n\n\n<li> Auch Fragen zum Elternsein, unruhige N\u00e4chte, Druck von au\u00dfen und vieles mehr sind Themen unserer Gespr\u00e4chsrunden. <\/li>\n<\/ul>\n\n\n\n<p><\/p>\n\n\n\n<p class=\"has-medium-font-size\"><strong>Folgende Stillgruppen sind in Leipzig und Umgebung aktiv:<\/strong><\/p>\n\n\n\n<ul class=\"wp-block-list has-medium-font-size\">\n<li><a href=\"http:\/\/wordpress.stillgruppe-leipzig.de\/?page_id=81\">Familienzentrum &#8222;Treffpunkt Linde&#8220; in Plagwitz<\/a><\/li>\n\n\n\n<li><a href=\"http:\/\/wordpress.stillgruppe-leipzig.de\/?page_id=87\">Waldstra\u00dfenapotheke Leipzig<\/a><\/li>\n\n\n\n<li><a href=\"http:\/\/wordpress.stillgruppe-leipzig.de\/?page_id=90\">Familienzentrum &#8222;Lichtblick e.V.&#8220; Markleeberg<\/a><\/li>\n\n\n\n<li><a href=\"http:\/\/wordpress.stillgruppe-leipzig.de\/?page_id=93\">Gemeinde- und Begegnungszentrum Wiederitzsch<\/a><\/li>\n\n\n\n<li><a href=\"http:\/\/wordpress.stillgruppe-leipzig.de\/?page_id=198\">IRIS-Familienzentrum in Halle\/Saale<\/a><\/li>\n<\/ul>\n\n\n\n<div style=\"height:20px\" aria-hidden=\"true\" class=\"wp-block-spacer\"><\/div>\n","protected":false},"excerpt":{"rendered":"<p>Diese grunds\u00e4tzlichen Themen werden bei uns besprochen: Folgende Stillgruppen sind in Leipzig und Umgebung aktiv:<\/p>\n","protected":false},"author":2,"featured_media":0,"parent":0,"menu_order":0,"comment_status":"closed","ping_status":"closed","template":"page-templates\/full-width.php","meta":{"footnotes":""},"class_list":["post-45","page","type-page","status-publish","hentry"],"_links":{"self":[{"href":"http:\/\/wordpress.stillgruppe-leipzig.de\/index.php?rest_route=\/wp\/v2\/pages\/45","targetHints":{"allow":["GET"]}}],"collection":[{"href":"http:\/\/wordpress.stillgruppe-leipzig.de\/index.php?rest_route=\/wp\/v2\/pages"}],"about":[{"href":"http:\/\/wordpress.stillgruppe-leipzig.de\/index.php?rest_route=\/wp\/v2\/types\/page"}],"author":[{"embeddable":true,"href":"http:\/\/wordpress.stillgruppe-leipzig.de\/index.php?rest_route=\/wp\/v2\/users\/2"}],"replies":[{"embeddable":true,"href":"http:\/\/wordpress.stillgruppe-leipzig.de\/index.php?rest_route=%2Fwp%2Fv2%2Fcomments&post=45"}],"version-history":[{"count":24,"href":"http:\/\/wordpress.stillgruppe-leipzig.de\/index.php?rest_route=\/wp\/v2\/pages\/45\/revisions"}],"predecessor-version":[{"id":953,"href":"http:\/\/wordpress.stillgruppe-leipzig.de\/index.php?rest_route=\/wp\/v2\/pages\/45\/revisions\/953"}],"wp:attachment":[{"href":"http:\/\/wordpress.stillgruppe-leipzig.de\/index.php?rest_route=%2Fwp%2Fv2%2Fmedia&parent=45"}],"curies":[{"name":"wp","href":"https:\/\/api.w.org\/{rel}","templated":true}]}}