{"id":81,"date":"2018-12-30T19:45:13","date_gmt":"2018-12-30T19:45:13","guid":{"rendered":"http:\/\/wordpress.stillgruppe-leipzig.de\/?page_id=81"},"modified":"2026-01-25T15:35:46","modified_gmt":"2026-01-25T15:35:46","slug":"familienzentrum-treffpunkt-linde","status":"publish","type":"page","link":"http:\/\/wordpress.stillgruppe-leipzig.de\/?page_id=81","title":{"rendered":"Familienzentrum &#8222;Treffpunkt Linde&#8220;, Plagwitz"},"content":{"rendered":"\n<figure class=\"wp-block-gallery has-nested-images columns-default is-cropped wp-block-gallery-1 is-layout-flex wp-block-gallery-is-layout-flex\">\n<figure class=\"wp-block-image size-large\"><img loading=\"lazy\" decoding=\"async\" width=\"1024\" height=\"683\" data-id=\"803\" src=\"http:\/\/wordpress.stillgruppe-leipzig.de\/wp-content\/uploads\/2022\/05\/IMG_0103-1024x683.jpg\" alt=\"\" class=\"wp-image-803\" srcset=\"http:\/\/wordpress.stillgruppe-leipzig.de\/wp-content\/uploads\/2022\/05\/IMG_0103-1024x683.jpg 1024w, http:\/\/wordpress.stillgruppe-leipzig.de\/wp-content\/uploads\/2022\/05\/IMG_0103-300x200.jpg 300w, http:\/\/wordpress.stillgruppe-leipzig.de\/wp-content\/uploads\/2022\/05\/IMG_0103-768x512.jpg 768w, http:\/\/wordpress.stillgruppe-leipzig.de\/wp-content\/uploads\/2022\/05\/IMG_0103-1536x1024.jpg 1536w, http:\/\/wordpress.stillgruppe-leipzig.de\/wp-content\/uploads\/2022\/05\/IMG_0103-2048x1365.jpg 2048w\" sizes=\"auto, (max-width: 1024px) 100vw, 1024px\" \/><figcaption class=\"wp-element-caption\">Der Raum f\u00fcr die Stillgruppe im Familienzentrum &#8222;Treffpunkt Linde&#8220; in Plagwitz \u00a9 Katrin Trajkovits<\/figcaption><\/figure>\n\n\n\n<figure class=\"wp-block-image size-large\"><img loading=\"lazy\" decoding=\"async\" width=\"1024\" height=\"683\" data-id=\"804\" src=\"http:\/\/wordpress.stillgruppe-leipzig.de\/wp-content\/uploads\/2022\/05\/IMG_0100-1024x683.jpg\" alt=\"\" class=\"wp-image-804\" srcset=\"http:\/\/wordpress.stillgruppe-leipzig.de\/wp-content\/uploads\/2022\/05\/IMG_0100-1024x683.jpg 1024w, http:\/\/wordpress.stillgruppe-leipzig.de\/wp-content\/uploads\/2022\/05\/IMG_0100-300x200.jpg 300w, http:\/\/wordpress.stillgruppe-leipzig.de\/wp-content\/uploads\/2022\/05\/IMG_0100-768x512.jpg 768w, http:\/\/wordpress.stillgruppe-leipzig.de\/wp-content\/uploads\/2022\/05\/IMG_0100-1536x1024.jpg 1536w, http:\/\/wordpress.stillgruppe-leipzig.de\/wp-content\/uploads\/2022\/05\/IMG_0100-2048x1365.jpg 2048w\" sizes=\"auto, (max-width: 1024px) 100vw, 1024px\" \/><figcaption class=\"wp-element-caption\">Gem\u00fctlicher Raum f\u00fcr M\u00fctter und Babys \u00a9 Katrin Trajkovits<\/figcaption><\/figure>\n<\/figure>\n\n\n\n<p> Die Stillberaterinnen der La Leche Liga bieten Stillberatung per  Telefon, E-Mail oder pers\u00f6nlich in den Stillgruppen-Treffen im  Familienzentrum \u201eTreffpunkt Linde\u201c an. <\/p>\n\n\n\n<p>La Leche Liga ist f\u00fcr Dich da, wenn Du unsicher bist und Fragen zum  Stillen, Muttersein oder zum Alltag mit dem Baby hast. Die Stillberaterinnen nehmen sich Zeit  und helfen Dir, L\u00f6sungen f\u00fcr Stillprobleme zu finden. Bereits in der Schwangerschaft kannst Du  unsere Stillgruppe besuchen oder zu unseren Stillberaterinnen Kontakt  aufnehmen. Du erf\u00e4hrst, wie ein guter Stillstart gelingen kann. Die  LLL-Stillberaterinnen sind selbst M\u00fctter und haben ihre Kinder gestillt.  <\/p>\n\n\n\n<p>\n\t\tWir bieten:<\/p>\n\n\n\n<p> &#8211; Pers\u00f6nlichen Erfahrungsaustausch bei den Stillgruppentreffen<br> &#8211; Telefonische Beratung<br> &#8211; Unterst\u00fctzung per Email  <br><br>   Die Stillgruppe bietet stillenden M\u00fcttern die M\u00f6glichkeit, sich mit anderen M\u00fcttern auszutauschen und Fragen zu stellen. Gerne k\u00f6nnen Sie einmalig, regelm\u00e4\u00dfig oder ganz spontan nach Bedarf  teilnehmen. Wir Stillberaterinnen bereiten immer ein Thema rund ums Stillen oder das Leben in der Familie vor.    <br>  <strong> Individuelle Probleme und Fragen haben bei unseren Treffen aber immer Vorrang!   <\/strong><br>   Auch Schwangere, V\u00e4ter und alle interessierten G\u00e4ste sind herzlich  willkommen. Selbstverst\u00e4ndlich k\u00f6nnen Sie zu allen Treffen Babys und  Geschwisterkinder mitbringen.   <br><br>   Kosten f\u00fcr Teilnahme an der Stillgruppe: 5 \u20ac<\/p>\n\n\n\n<p><strong>Katrin Trajkovits,<\/strong> Diplom-P\u00e4dagogin, Eltern- und Familienberaterin, LLL-Stillberaterin<\/p>\n\n\n\n<p>Tel. 0341-4799416,&nbsp;E-Mail&nbsp;  <a href=\"mailto:trajkovits@aol.com\"><strong><\/strong><\/a><strong><a href=\"mailto:katrin.trajkovits@lalecheliga.de\">katrin.trajkovits@lalecheliga.de<\/a><\/strong><\/p>\n\n\n\n<p><a href=\"http:\/\/muetterzentrum-leipzig.de\/index.php\/familienzentren\/familienzentrum-plagwitz\/beratungsangebote-plagwitz\/577-stillberatung-der-la-leche-liga-im-familienzentrum-treffpunkt-linde\"><strong>Ort: Familienzentrum &#8222;Treffpunkt Linde&#8220;<\/strong><\/a>, Walter-Heinze-Stra\u00dfe 22-24, im Hofgarten des Altersheimes<br>04229 Leipzig<\/p>\n\n\n\n<p>an jedem 1. Mittwoch, ab 9.30 Uhr &#8211; <strong><mark style=\"background-color:rgba(0, 0, 0, 0)\" class=\"has-inline-color has-vivid-cyan-blue-color\">um Anmeldung wird gebeten<\/mark><\/strong>, unter <strong><a href=\"mailto:katrin.trajkovits@lalecheliga.de\">katrin.trajkovits@lalecheliga.de<\/a><\/strong><\/p>\n\n\n\n<p><\/p>\n\n\n\n<p><strong>Unsere Termine 2026:<\/strong><\/p>\n\n\n\n<figure class=\"wp-block-table is-style-stripes\"><table><tbody><tr><th>Termine<\/th><th>Uhrzeit<\/th><th>Thema<\/th><\/tr><tr><td>Mi 04.02.<\/td><td>09:30 \u2013 11:30 Uhr<\/td><td><strong>Powerdrink Muttermilch<\/strong><\/td><\/tr><tr><td>Mi 04.03.<\/td><td>09:30 \u2013 11:30 Uhr<\/td><td><strong>Die Familie und das gestillte Kleinkind \u2013 Verw\u00f6hnen \u2013 Angriffe von au\u00dfen<\/strong><\/td><\/tr><tr><td>Mi 01.04.<\/td><td>09:30 \u2013 11:30 Uhr<\/td><td><strong>Das hat sich gelohnt: Stillprobleme l\u00f6sen: Wunde Brustwarzen, Milchstau<\/strong><\/td><\/tr><tr><td>Mi 06.05.<\/td><td>09:30 \u2013 11:30 Uhr<\/td><td><strong>M\u00f6hrenbrei, Stillen, Allerlei \u2013 Babys erste feste Kost \u2013 Brei und Fingerfood<\/strong><\/td><\/tr><tr><td>Mi 03.06.<\/td><td>09:30 \u2013 11:30 Uhr<\/td><td><strong><strong>Schlafen und Wachen \u2013 die N\u00e4chte mit dem Baby<\/strong><\/strong><\/td><\/tr><\/tbody><\/table><\/figure>\n\n\n<div class=\"wp-block-image is-style-rounded\">\n<figure class=\"aligncenter size-medium\"><img loading=\"lazy\" decoding=\"async\" width=\"300\" height=\"200\" src=\"http:\/\/wordpress.stillgruppe-leipzig.de\/wp-content\/uploads\/2022\/05\/IMG_0092-300x200.jpg\" alt=\"\" class=\"wp-image-806\" srcset=\"http:\/\/wordpress.stillgruppe-leipzig.de\/wp-content\/uploads\/2022\/05\/IMG_0092-300x200.jpg 300w, http:\/\/wordpress.stillgruppe-leipzig.de\/wp-content\/uploads\/2022\/05\/IMG_0092-1024x683.jpg 1024w, http:\/\/wordpress.stillgruppe-leipzig.de\/wp-content\/uploads\/2022\/05\/IMG_0092-768x512.jpg 768w, http:\/\/wordpress.stillgruppe-leipzig.de\/wp-content\/uploads\/2022\/05\/IMG_0092-1536x1024.jpg 1536w, http:\/\/wordpress.stillgruppe-leipzig.de\/wp-content\/uploads\/2022\/05\/IMG_0092-2048x1365.jpg 2048w\" sizes=\"auto, (max-width: 300px) 100vw, 300px\" \/><figcaption class=\"wp-element-caption\">\u00a9 Katrin Trajkovits<\/figcaption><\/figure>\n<\/div>\n\n","protected":false},"excerpt":{"rendered":"<p>Die Stillberaterinnen der La Leche Liga bieten Stillberatung per Telefon, E-Mail oder pers\u00f6nlich in den Stillgruppen-Treffen im Familienzentrum \u201eTreffpunkt Linde\u201c [&hellip;]<\/p>\n","protected":false},"author":2,"featured_media":0,"parent":0,"menu_order":0,"comment_status":"closed","ping_status":"closed","template":"page-templates\/full-width.php","meta":{"footnotes":""},"class_list":["post-81","page","type-page","status-publish","hentry"],"_links":{"self":[{"href":"http:\/\/wordpress.stillgruppe-leipzig.de\/index.php?rest_route=\/wp\/v2\/pages\/81","targetHints":{"allow":["GET"]}}],"collection":[{"href":"http:\/\/wordpress.stillgruppe-leipzig.de\/index.php?rest_route=\/wp\/v2\/pages"}],"about":[{"href":"http:\/\/wordpress.stillgruppe-leipzig.de\/index.php?rest_route=\/wp\/v2\/types\/page"}],"author":[{"embeddable":true,"href":"http:\/\/wordpress.stillgruppe-leipzig.de\/index.php?rest_route=\/wp\/v2\/users\/2"}],"replies":[{"embeddable":true,"href":"http:\/\/wordpress.stillgruppe-leipzig.de\/index.php?rest_route=%2Fwp%2Fv2%2Fcomments&post=81"}],"version-history":[{"count":53,"href":"http:\/\/wordpress.stillgruppe-leipzig.de\/index.php?rest_route=\/wp\/v2\/pages\/81\/revisions"}],"predecessor-version":[{"id":949,"href":"http:\/\/wordpress.stillgruppe-leipzig.de\/index.php?rest_route=\/wp\/v2\/pages\/81\/revisions\/949"}],"wp:attachment":[{"href":"http:\/\/wordpress.stillgruppe-leipzig.de\/index.php?rest_route=%2Fwp%2Fv2%2Fmedia&parent=81"}],"curies":[{"name":"wp","href":"https:\/\/api.w.org\/{rel}","templated":true}]}}