{"id":97,"date":"2018-12-30T19:54:07","date_gmt":"2018-12-30T19:54:07","guid":{"rendered":"http:\/\/wordpress.stillgruppe-leipzig.de\/?page_id=97"},"modified":"2021-01-17T11:21:34","modified_gmt":"2021-01-17T11:21:34","slug":"ueber-la-leche-liga","status":"publish","type":"page","link":"http:\/\/wordpress.stillgruppe-leipzig.de\/?page_id=97","title":{"rendered":"\u00dcber La Leche Liga"},"content":{"rendered":"\n<p class=\"has-medium-font-size\"><a href=\"http:\/\/www.lalecheliga.de\">La Leche Liga Deutschland e.V. (LLL)<\/a> ist Teil einer\n\t\tweltweiten, gemeinn\u00fctzigen <a href=\"http:\/\/www.llli.org\">Organisation (La Leche League\n\t\t\tInternational)<\/a>, die seit \u00fcber 50 Jahren in mittlerweile 78 L\u00e4ndern der Erde t\u00e4tig ist und M\u00fcttern Stillberatung anbietet.\n\t\tZiel der LLL ist es, Frauen die stillen m\u00f6chten, Unterst\u00fctzung, Ermutigung, Information und Weiterbildung zu\n\t\tbieten.<\/p>\n\n\n\n<p class=\"has-medium-font-size\">\n\t\tWir arbeiten als international anerkannte Fachorganisation politisch und konfessionell unabh\u00e4ngig und beraten\n\t\tu.a. die WHO (Weltgesundheitsbeh\u00f6rde) und UNICEF in allen Fragen des Stillens. Seit 1977 sind wir auch in\n\t\tDeutschland als eingetragener, gemeinn\u00fctzig anerkannter Verein in regionalen Stillgruppen organisiert.\n\n<\/p>\n\n\n\n<blockquote class=\"wp-block-quote is-layout-flow wp-block-quote-is-layout-flow\"><p> <br><strong>Die 10 Grunds\u00e4tze der La Leche Liga<\/strong><\/p><p>1. M\u00fctterliche Zuwendung durch Stillen ist die  nat\u00fcrlichste und wirkungsvollste Art, die Bed\u00fcrfnisse eines S\u00e4uglings zu  verstehen und zu befriedigen.<br><br>2. Mutter und Kind  sollen fr\u00fchzeitig und oft zusammen  sein, so entsteht eine befriedigende Beziehung und ein ausreichendes  Milchangebot ist gew\u00e4hrleistet.<br><br>3. In der fr\u00fchen Kindheit hat das Kind ein intensives  Bed\u00fcrfnis, mit seiner Mutter zusammen zu sein; dieses ist ebenso  grundlegend wie sein Bed\u00fcrfnis nach Nahrung.<br><br>4. Muttermilch ist die nat\u00fcrliche Nahrung f\u00fcr Babys. Sie  passt sich auf einzigartige Weise dem sich ver\u00e4ndernden kindlichen  Bedarf an.<br><br>5. F\u00fcr das gesunde, voll ausgetragene Kind ist  Muttermilch die einzig erforderliche Nahrung, bis das Kind Anzeichen  gibt, dass es festere Nahrung braucht, etwa in der Mitte des ersten  Lebensjahres.<br><br>6. Im Idealfall wird die Stillbeziehung fortgesetzt, bis das Kind ihr entwachsen ist.<br><br>7. Eine bewusste und aktive Geburt f\u00f6rdert einen guten Stillbeginn.<br><br>8. Die liebevolle Unterst\u00fctzung, die Hilfe und  partnerschaftliche Anteilnahme des Vaters f\u00f6rdert das Stillen und die  Mutter-Kind-Bindung. Die durch nichts zu ersetzende Vater-Kind-Beziehung  ist ein wichtiges Element in der ganzen fr\u00fchkindlichen Entwicklung.<br><br>9. Gute Ern\u00e4hrung bedeutet, ausgewogene, verschiedene Arten von Nahrungsmitteln in m\u00f6glichst nat\u00fcrlichem Zustand zu essen.<br><br>10. Von fr\u00fcher Kindheit an brauchen Kinder liebevolle  Anleitung, welche das Verst\u00e4ndnis f\u00fcr ihre F\u00e4higkeiten und das Eingehen  auf ihre Gef\u00fchle einschlie\u00dft. <\/p><cite>La Leche Liga Deutschland e.V.<\/cite><\/blockquote>\n\n\n\n<p><\/p>\n\n\n\n<figure class=\"wp-block-image is-style-rounded\"><img loading=\"lazy\" decoding=\"async\" width=\"1024\" height=\"684\" src=\"http:\/\/wordpress.stillgruppe-leipzig.de\/wp-content\/uploads\/2018\/12\/pexels-photo-186674-1024x684.jpeg\" alt=\"\" class=\"wp-image-127\" srcset=\"http:\/\/wordpress.stillgruppe-leipzig.de\/wp-content\/uploads\/2018\/12\/pexels-photo-186674-1024x684.jpeg 1024w, http:\/\/wordpress.stillgruppe-leipzig.de\/wp-content\/uploads\/2018\/12\/pexels-photo-186674-300x200.jpeg 300w, http:\/\/wordpress.stillgruppe-leipzig.de\/wp-content\/uploads\/2018\/12\/pexels-photo-186674-768x513.jpeg 768w\" sizes=\"auto, (max-width: 1024px) 100vw, 1024px\" \/><\/figure>\n","protected":false},"excerpt":{"rendered":"<p>La Leche Liga Deutschland e.V. (LLL) ist Teil einer weltweiten, gemeinn\u00fctzigen Organisation (La Leche League International), die seit \u00fcber 50 [&hellip;]<\/p>\n","protected":false},"author":2,"featured_media":127,"parent":0,"menu_order":0,"comment_status":"closed","ping_status":"closed","template":"","meta":{"footnotes":""},"class_list":["post-97","page","type-page","status-publish","has-post-thumbnail","hentry"],"_links":{"self":[{"href":"http:\/\/wordpress.stillgruppe-leipzig.de\/index.php?rest_route=\/wp\/v2\/pages\/97","targetHints":{"allow":["GET"]}}],"collection":[{"href":"http:\/\/wordpress.stillgruppe-leipzig.de\/index.php?rest_route=\/wp\/v2\/pages"}],"about":[{"href":"http:\/\/wordpress.stillgruppe-leipzig.de\/index.php?rest_route=\/wp\/v2\/types\/page"}],"author":[{"embeddable":true,"href":"http:\/\/wordpress.stillgruppe-leipzig.de\/index.php?rest_route=\/wp\/v2\/users\/2"}],"replies":[{"embeddable":true,"href":"http:\/\/wordpress.stillgruppe-leipzig.de\/index.php?rest_route=%2Fwp%2Fv2%2Fcomments&post=97"}],"version-history":[{"count":12,"href":"http:\/\/wordpress.stillgruppe-leipzig.de\/index.php?rest_route=\/wp\/v2\/pages\/97\/revisions"}],"predecessor-version":[{"id":594,"href":"http:\/\/wordpress.stillgruppe-leipzig.de\/index.php?rest_route=\/wp\/v2\/pages\/97\/revisions\/594"}],"wp:featuredmedia":[{"embeddable":true,"href":"http:\/\/wordpress.stillgruppe-leipzig.de\/index.php?rest_route=\/wp\/v2\/media\/127"}],"wp:attachment":[{"href":"http:\/\/wordpress.stillgruppe-leipzig.de\/index.php?rest_route=%2Fwp%2Fv2%2Fmedia&parent=97"}],"curies":[{"name":"wp","href":"https:\/\/api.w.org\/{rel}","templated":true}]}}